{"id":574,"date":"2017-04-20T16:12:21","date_gmt":"2017-04-20T14:12:21","guid":{"rendered":"http:\/\/therapie-carlwalter.de\/en\/?page_id=574"},"modified":"2017-04-27T13:28:57","modified_gmt":"2017-04-27T11:28:57","slug":"datenschutz","status":"publish","type":"page","link":"https:\/\/therapie-carlwalter.de\/en\/datenschutz\/","title":{"rendered":"Datenschutz"},"content":{"rendered":"<div id='welcome'  class='av-layout-grid-container av-av_layout_row-90f594a971eb443337a9405a7679841e entry-content-wrapper main_color av-fixed-cells  avia-builder-el-0  el_before_av_section  avia-builder-el-first   container_wrap sidebar_right'  >\n\n<style type=\"text\/css\" data-created_by=\"avia_inline_auto\" id=\"style-css-av-av_cell_one_fourth-1bcc59091fec46d9ab5ed9090a78ae28\">\n.flex_cell.av-av_cell_one_fourth-1bcc59091fec46d9ab5ed9090a78ae28{\nvertical-align:top;\nheight:15px;\nmin-height:15px;\nbackground-color:#776666;\n}\n.responsive #top #wrap_all .flex_cell.av-av_cell_one_fourth-1bcc59091fec46d9ab5ed9090a78ae28{\npadding:0px 0px 0px 0px !important;\n}\n<\/style>\n<div class='flex_cell av-av_cell_one_fourth-1bcc59091fec46d9ab5ed9090a78ae28 av-gridrow-cell av_one_fourth no_margin  avia-builder-el-1  el_before_av_cell_one_fourth  avia-builder-el-first  content-align-top av-zero-padding'  ><div class='flex_cell_inner'><\/div><\/div>\n<style type=\"text\/css\" data-created_by=\"avia_inline_auto\" id=\"style-css-av-av_cell_one_fourth-6802a74657ae821abdd226c474fe9d98\">\n.flex_cell.av-av_cell_one_fourth-6802a74657ae821abdd226c474fe9d98{\nvertical-align:top;\nheight:15px;\nmin-height:15px;\nbackground-color:#918382;\n}\n.responsive #top #wrap_all .flex_cell.av-av_cell_one_fourth-6802a74657ae821abdd226c474fe9d98{\npadding:0px 0px 0px 0px !important;\n}\n<\/style>\n<div class='flex_cell av-av_cell_one_fourth-6802a74657ae821abdd226c474fe9d98 av-gridrow-cell av_one_fourth no_margin  avia-builder-el-2  el_after_av_cell_one_fourth  el_before_av_cell_one_fourth  content-align-top av-zero-padding'  ><div class='flex_cell_inner'><\/div><\/div>\n<style type=\"text\/css\" data-created_by=\"avia_inline_auto\" id=\"style-css-av-av_cell_one_fourth-463b8552321e64c8a81d11c4cbe09a65\">\n.flex_cell.av-av_cell_one_fourth-463b8552321e64c8a81d11c4cbe09a65{\nvertical-align:top;\nheight:15px;\nmin-height:15px;\nbackground-color:#b4aaaa;\n}\n.responsive #top #wrap_all .flex_cell.av-av_cell_one_fourth-463b8552321e64c8a81d11c4cbe09a65{\npadding:0px 0px 0px 0px !important;\n}\n<\/style>\n<div class='flex_cell av-av_cell_one_fourth-463b8552321e64c8a81d11c4cbe09a65 av-gridrow-cell av_one_fourth no_margin  avia-builder-el-3  el_after_av_cell_one_fourth  el_before_av_cell_one_fourth  content-align-top av-zero-padding'  ><div class='flex_cell_inner'><\/div><\/div>\n<style type=\"text\/css\" data-created_by=\"avia_inline_auto\" id=\"style-css-av-av_cell_one_fourth-642bf573e7736ddd61d08c2a96bae84c\">\n.flex_cell.av-av_cell_one_fourth-642bf573e7736ddd61d08c2a96bae84c{\nvertical-align:top;\nheight:15px;\nmin-height:15px;\nbackground-color:#e1d5d5;\n}\n.responsive #top #wrap_all .flex_cell.av-av_cell_one_fourth-642bf573e7736ddd61d08c2a96bae84c{\npadding:0px 0px 0px 0px !important;\n}\n<\/style>\n<div class='flex_cell av-av_cell_one_fourth-642bf573e7736ddd61d08c2a96bae84c av-gridrow-cell av_one_fourth no_margin  avia-builder-el-4  el_after_av_cell_one_fourth  avia-builder-el-last  content-align-top av-zero-padding'  ><div class='flex_cell_inner'><\/div><\/div>\n<\/div>\n<div id='av_section_1'  class='avia-section av-av_section-2dfd157f01e107a4572bfbe28913e212 main_color avia-section-no-padding avia-no-border-styling  avia-builder-el-5  el_after_av_layout_row  el_before_av_layout_row  avia-bg-style-scroll container_wrap sidebar_right'  ><div class='container av-section-cont-open' ><div class='template-page content  av-content-small alpha units'><div class='post-entry post-entry-type-page post-entry-574'><div class='entry-content-wrapper clearfix'>\n<div class='flex_column_table av-av_one_fifth-06c102228c64026ba493b86fd4ae01ee sc-av_one_fifth av-equal-height-column-flextable'>\n<style type=\"text\/css\" data-created_by=\"avia_inline_auto\" id=\"style-css-av-av_one_fifth-06c102228c64026ba493b86fd4ae01ee\">\n.flex_column.av-av_one_fifth-06c102228c64026ba493b86fd4ae01ee{\nborder-radius:0px 0px 0px 0px;\npadding:0px 0px 0px 0px;\n}\n<\/style>\n<div  class='flex_column av-av_one_fifth-06c102228c64026ba493b86fd4ae01ee av_one_fifth  avia-builder-el-6  el_before_av_three_fifth  avia-builder-el-first  first no_margin flex_column_table_cell av-equal-height-column av-align-top av-animated-generic fade-in av-zero-column-padding avia-full-contain  '     ><\/div>\n<style type=\"text\/css\" data-created_by=\"avia_inline_auto\" id=\"style-css-av-av_three_fifth-d5a914112897c0b838da599839df4632\">\n.flex_column.av-av_three_fifth-d5a914112897c0b838da599839df4632{\nborder-radius:0px 0px 0px 0px;\npadding:25px 25px 25px 48px;\n}\n<\/style>\n<div  class='flex_column av-av_three_fifth-d5a914112897c0b838da599839df4632 av_three_fifth  avia-builder-el-7  el_after_av_one_fifth  el_before_av_one_fifth  no_margin flex_column_table_cell av-equal-height-column av-align-top av-animated-generic fade-in  '     ><p>\n<style type=\"text\/css\" data-created_by=\"avia_inline_auto\" id=\"style-css-av-av_heading-4fc97570aff8466a0e268c850bcff022\">\n#top .av-special-heading.av-av_heading-4fc97570aff8466a0e268c850bcff022{\npadding-bottom:10px;\n}\nbody .av-special-heading.av-av_heading-4fc97570aff8466a0e268c850bcff022 .av-special-heading-tag .heading-char{\nfont-size:25px;\n}\n.av-special-heading.av-av_heading-4fc97570aff8466a0e268c850bcff022 .av-subheading{\nfont-size:15px;\n}\n<\/style>\n<div  class='av-special-heading av-av_heading-4fc97570aff8466a0e268c850bcff022 av-special-heading-h1 blockquote modern-quote  avia-builder-el-8  el_before_av_textblock  avia-builder-el-first '><h1 class='av-special-heading-tag '  itemprop=\"headline\"  >Datenschutz<\/h1><div class=\"special-heading-border\"><div class=\"special-heading-inner-border\"><\/div><\/div><\/div><br \/>\n<section  class='av_textblock_section av-av_textblock-396ddf1f42196ca838231e61a4602801 '   itemscope=\"itemscope\" itemtype=\"https:\/\/schema.org\/CreativeWork\" ><div class='avia_textblock'  itemprop=\"text\" ><p>Diese Website benutzt Google Analytics, einen Webanalysedienst der Google Inc. (\u201eGoogle\u201c). Google Analytics verwendet sog. \u201eCookies\u201c, Textdateien, die auf Ihrem Computer gespeichert werden und die eine Analyse der Benutzung der Website durch Sie erm\u00f6glichen. Die durch das Cookie erzeugten Informationen \u00fcber Ihre Benutzung dieser Website werden in der Regel an einen Server von Google in den USA \u00fcbertragen und dort gespeichert. Im Falle der Aktivierung der IP-Anonymisierung auf dieser Website, wird Ihre IP-Adresse von Google jedoch innerhalb von Mitgliedstaaten der Europ\u00e4ischen Union oder in anderen Vertragsstaaten des Abkommens \u00fcber den Europ\u00e4ischen Wirtschaftsraum zuvor gek\u00fcrzt. Nur in Ausnahmef\u00e4llen wird die volle IP-Adresse an einen Server von Google in den USA \u00fcbertragen und dort gek\u00fcrzt. Im Auftrag des Betreibers dieser Website wird Google diese Informationen benutzen, um Ihre Nutzung der Website auszuwerten, um Reports \u00fcber die Websiteaktivit\u00e4ten zusammenzustellen und um weitere mit der Websitenutzung und der Internetnutzung verbundene Dienstleistungen gegen\u00fcber dem Websitebetreiber zu erbringen. Die im Rahmen von Google Analytics von Ihrem Browser \u00fcbermittelte IP-Adresse wird nicht mit anderen Daten von Google zusammengef\u00fchrt. Sie k\u00f6nnen die Speicherung der Cookies durch eine entsprechende Einstellung Ihrer Browser-Software verhindern; wir weisen Sie jedoch darauf hin, dass Sie in diesem Fall gegebenenfalls nicht s\u00e4mtliche Funktionen dieser Website vollumf\u00e4nglich werden nutzen k\u00f6nnen. Sie k\u00f6nnen dar\u00fcber hinaus die Erfassung der durch das Cookie erzeugten und auf Ihre Nutzung der Website bezogenen Daten (inkl. Ihrer IP-Adresse) an Google sowie die Verarbeitung dieser Daten durch Google verhindern, indem Sie das unter dem folgenden Link (<a href=\"http:\/\/tools.google.com\/dlpage\/gaoptout?hl=de\" target=\"_blank\">http:\/\/tools.google.com\/dlpage\/gaoptout?hl=de<\/a>) verf\u00fcgbare Browser-Plugin herunterladen und installieren.<\/p>\n<p>Sie k\u00f6nnen die Erfassung durch Google Analytics verhindern, indem Sie auf folgenden Link klicken. Es wird ein Opt-Out-Cookie gesetzt, das die zuk\u00fcnftige Erfassung Ihrer Daten beim Besuch dieser Website verhindert:\u00a0<a>Google Analytics deaktivieren<\/a><\/p>\n<p>N\u00e4here Informationen zu Nutzungsbedingungen und Datenschutz finden Sie unter <a href=\"http:\/\/www.google.com\/analytics\/terms\/de.html\" target=\"_blank\">http:\/\/www.google.com\/analytics\/terms\/de.html<\/a> bzw. unter\u00a0<a href=\"https:\/\/www.google.de\/intl\/de\/policies\/\" target=\"_blank\">https:\/\/www.google.de\/intl\/de\/policies\/<\/a>. Wir weisen Sie darauf hin, dass auf dieser Website Google Analytics um den Code \u201eanonymizeIp\u201c erweitert wurde, um eine anonymisierte Erfassung von IP-Adressen (sog. IP-Masking) zu gew\u00e4hrleisten.<\/p>\n<\/div><\/section><\/p><\/div>\n<style type=\"text\/css\" data-created_by=\"avia_inline_auto\" id=\"style-css-av-av_one_fifth-92b7f0d5af2638a3ff612ade4dbcc7d6\">\n.flex_column.av-av_one_fifth-92b7f0d5af2638a3ff612ade4dbcc7d6{\nborder-radius:0px 0px 0px 0px;\npadding:0px 0px 0px 0px;\n}\n<\/style>\n<div  class='flex_column av-av_one_fifth-92b7f0d5af2638a3ff612ade4dbcc7d6 av_one_fifth  avia-builder-el-10  el_after_av_three_fifth  avia-builder-el-last  no_margin flex_column_table_cell av-equal-height-column av-align-top av-animated-generic fade-in av-zero-column-padding avia-full-contain  '     ><\/div><\/div><!--close column table wrapper. Autoclose: 1 --><\/div><\/div><\/div><!-- close content main div --><\/div><\/div><div id='welcome'  class='av-layout-grid-container av-av_layout_row-90f594a971eb443337a9405a7679841e entry-content-wrapper main_color av-fixed-cells  avia-builder-el-11  el_after_av_section  avia-builder-el-last  grid-row-not-first  container_wrap sidebar_right'  >\n\n<style type=\"text\/css\" data-created_by=\"avia_inline_auto\" id=\"style-css-av-av_cell_one_fourth-1bcc59091fec46d9ab5ed9090a78ae28\">\n.flex_cell.av-av_cell_one_fourth-1bcc59091fec46d9ab5ed9090a78ae28{\nvertical-align:top;\nheight:15px;\nmin-height:15px;\nbackground-color:#776666;\n}\n.responsive #top #wrap_all .flex_cell.av-av_cell_one_fourth-1bcc59091fec46d9ab5ed9090a78ae28{\npadding:0px 0px 0px 0px !important;\n}\n<\/style>\n<div class='flex_cell av-av_cell_one_fourth-1bcc59091fec46d9ab5ed9090a78ae28 av-gridrow-cell av_one_fourth no_margin  avia-builder-el-12  el_before_av_cell_one_fourth  avia-builder-el-first  content-align-top av-zero-padding'  ><div class='flex_cell_inner'><\/div><\/div>\n<style type=\"text\/css\" data-created_by=\"avia_inline_auto\" id=\"style-css-av-av_cell_one_fourth-6802a74657ae821abdd226c474fe9d98\">\n.flex_cell.av-av_cell_one_fourth-6802a74657ae821abdd226c474fe9d98{\nvertical-align:top;\nheight:15px;\nmin-height:15px;\nbackground-color:#918382;\n}\n.responsive #top #wrap_all .flex_cell.av-av_cell_one_fourth-6802a74657ae821abdd226c474fe9d98{\npadding:0px 0px 0px 0px !important;\n}\n<\/style>\n<div class='flex_cell av-av_cell_one_fourth-6802a74657ae821abdd226c474fe9d98 av-gridrow-cell av_one_fourth no_margin  avia-builder-el-13  el_after_av_cell_one_fourth  el_before_av_cell_one_fourth  content-align-top av-zero-padding'  ><div class='flex_cell_inner'><\/div><\/div>\n<style type=\"text\/css\" data-created_by=\"avia_inline_auto\" id=\"style-css-av-av_cell_one_fourth-463b8552321e64c8a81d11c4cbe09a65\">\n.flex_cell.av-av_cell_one_fourth-463b8552321e64c8a81d11c4cbe09a65{\nvertical-align:top;\nheight:15px;\nmin-height:15px;\nbackground-color:#b4aaaa;\n}\n.responsive #top #wrap_all .flex_cell.av-av_cell_one_fourth-463b8552321e64c8a81d11c4cbe09a65{\npadding:0px 0px 0px 0px !important;\n}\n<\/style>\n<div class='flex_cell av-av_cell_one_fourth-463b8552321e64c8a81d11c4cbe09a65 av-gridrow-cell av_one_fourth no_margin  avia-builder-el-14  el_after_av_cell_one_fourth  el_before_av_cell_one_fourth  content-align-top av-zero-padding'  ><div class='flex_cell_inner'><\/div><\/div>\n<style type=\"text\/css\" data-created_by=\"avia_inline_auto\" id=\"style-css-av-av_cell_one_fourth-642bf573e7736ddd61d08c2a96bae84c\">\n.flex_cell.av-av_cell_one_fourth-642bf573e7736ddd61d08c2a96bae84c{\nvertical-align:top;\nheight:15px;\nmin-height:15px;\nbackground-color:#e1d5d5;\n}\n.responsive #top #wrap_all .flex_cell.av-av_cell_one_fourth-642bf573e7736ddd61d08c2a96bae84c{\npadding:0px 0px 0px 0px !important;\n}\n<\/style>\n<div class='flex_cell av-av_cell_one_fourth-642bf573e7736ddd61d08c2a96bae84c av-gridrow-cell av_one_fourth no_margin  avia-builder-el-15  el_after_av_cell_one_fourth  avia-builder-el-last  content-align-top av-zero-padding'  ><div class='flex_cell_inner'><\/div><\/div>\n<\/div><\/p>\n","protected":false},"excerpt":{"rendered":"","protected":false},"author":1,"featured_media":0,"parent":0,"menu_order":0,"comment_status":"closed","ping_status":"closed","template":"","meta":{"footnotes":""},"class_list":["post-574","page","type-page","status-publish","hentry"],"yoast_head":"<!-- This site is optimized with the Yoast SEO plugin v25.4 - https:\/\/yoast.com\/wordpress\/plugins\/seo\/ -->\n<title>Datenschutz - Englische Version<\/title>\n<meta name=\"robots\" content=\"noindex, follow, max-snippet:-1, max-image-preview:large, max-video-preview:-1\" \/>\n<meta property=\"og:locale\" content=\"en_US\" \/>\n<meta property=\"og:type\" content=\"article\" \/>\n<meta property=\"og:title\" content=\"Datenschutz - Englische Version\" \/>\n<meta property=\"og:url\" content=\"https:\/\/therapie-carlwalter.de\/en\/datenschutz\/\" \/>\n<meta property=\"og:site_name\" content=\"Englische Version\" \/>\n<meta property=\"article:modified_time\" content=\"2017-04-27T11:28:57+00:00\" \/>\n<meta name=\"twitter:card\" content=\"summary_large_image\" \/>\n<meta name=\"twitter:label1\" content=\"Est. reading time\" \/>\n\t<meta name=\"twitter:data1\" content=\"5 minutes\" \/>\n<script type=\"application\/ld+json\" class=\"yoast-schema-graph\">{\"@context\":\"https:\/\/schema.org\",\"@graph\":[{\"@type\":\"WebPage\",\"@id\":\"https:\/\/therapie-carlwalter.de\/en\/datenschutz\/\",\"url\":\"https:\/\/therapie-carlwalter.de\/en\/datenschutz\/\",\"name\":\"Datenschutz - Englische Version\",\"isPartOf\":{\"@id\":\"https:\/\/therapie-carlwalter.de\/en\/#website\"},\"datePublished\":\"2017-04-20T14:12:21+00:00\",\"dateModified\":\"2017-04-27T11:28:57+00:00\",\"breadcrumb\":{\"@id\":\"https:\/\/therapie-carlwalter.de\/en\/datenschutz\/#breadcrumb\"},\"inLanguage\":\"en-US\",\"potentialAction\":[{\"@type\":\"ReadAction\",\"target\":[\"https:\/\/therapie-carlwalter.de\/en\/datenschutz\/\"]}]},{\"@type\":\"BreadcrumbList\",\"@id\":\"https:\/\/therapie-carlwalter.de\/en\/datenschutz\/#breadcrumb\",\"itemListElement\":[{\"@type\":\"ListItem\",\"position\":1,\"name\":\"Startseite\",\"item\":\"https:\/\/therapie-carlwalter.de\/en\/\"},{\"@type\":\"ListItem\",\"position\":2,\"name\":\"Datenschutz\"}]},{\"@type\":\"WebSite\",\"@id\":\"https:\/\/therapie-carlwalter.de\/en\/#website\",\"url\":\"https:\/\/therapie-carlwalter.de\/en\/\",\"name\":\"Englische Version\",\"description\":\"\",\"potentialAction\":[{\"@type\":\"SearchAction\",\"target\":{\"@type\":\"EntryPoint\",\"urlTemplate\":\"https:\/\/therapie-carlwalter.de\/en\/?s={search_term_string}\"},\"query-input\":{\"@type\":\"PropertyValueSpecification\",\"valueRequired\":true,\"valueName\":\"search_term_string\"}}],\"inLanguage\":\"en-US\"}]}<\/script>\n<!-- \/ Yoast SEO plugin. -->","yoast_head_json":{"title":"Datenschutz - Englische Version","robots":{"index":"noindex","follow":"follow","max-snippet":"max-snippet:-1","max-image-preview":"max-image-preview:large","max-video-preview":"max-video-preview:-1"},"og_locale":"en_US","og_type":"article","og_title":"Datenschutz - Englische Version","og_url":"https:\/\/therapie-carlwalter.de\/en\/datenschutz\/","og_site_name":"Englische Version","article_modified_time":"2017-04-27T11:28:57+00:00","twitter_card":"summary_large_image","twitter_misc":{"Est. reading time":"5 minutes"},"schema":{"@context":"https:\/\/schema.org","@graph":[{"@type":"WebPage","@id":"https:\/\/therapie-carlwalter.de\/en\/datenschutz\/","url":"https:\/\/therapie-carlwalter.de\/en\/datenschutz\/","name":"Datenschutz - Englische Version","isPartOf":{"@id":"https:\/\/therapie-carlwalter.de\/en\/#website"},"datePublished":"2017-04-20T14:12:21+00:00","dateModified":"2017-04-27T11:28:57+00:00","breadcrumb":{"@id":"https:\/\/therapie-carlwalter.de\/en\/datenschutz\/#breadcrumb"},"inLanguage":"en-US","potentialAction":[{"@type":"ReadAction","target":["https:\/\/therapie-carlwalter.de\/en\/datenschutz\/"]}]},{"@type":"BreadcrumbList","@id":"https:\/\/therapie-carlwalter.de\/en\/datenschutz\/#breadcrumb","itemListElement":[{"@type":"ListItem","position":1,"name":"Startseite","item":"https:\/\/therapie-carlwalter.de\/en\/"},{"@type":"ListItem","position":2,"name":"Datenschutz"}]},{"@type":"WebSite","@id":"https:\/\/therapie-carlwalter.de\/en\/#website","url":"https:\/\/therapie-carlwalter.de\/en\/","name":"Englische Version","description":"","potentialAction":[{"@type":"SearchAction","target":{"@type":"EntryPoint","urlTemplate":"https:\/\/therapie-carlwalter.de\/en\/?s={search_term_string}"},"query-input":{"@type":"PropertyValueSpecification","valueRequired":true,"valueName":"search_term_string"}}],"inLanguage":"en-US"}]}},"_links":{"self":[{"href":"https:\/\/therapie-carlwalter.de\/en\/wp-json\/wp\/v2\/pages\/574","targetHints":{"allow":["GET"]}}],"collection":[{"href":"https:\/\/therapie-carlwalter.de\/en\/wp-json\/wp\/v2\/pages"}],"about":[{"href":"https:\/\/therapie-carlwalter.de\/en\/wp-json\/wp\/v2\/types\/page"}],"author":[{"embeddable":true,"href":"https:\/\/therapie-carlwalter.de\/en\/wp-json\/wp\/v2\/users\/1"}],"replies":[{"embeddable":true,"href":"https:\/\/therapie-carlwalter.de\/en\/wp-json\/wp\/v2\/comments?post=574"}],"version-history":[{"count":3,"href":"https:\/\/therapie-carlwalter.de\/en\/wp-json\/wp\/v2\/pages\/574\/revisions"}],"predecessor-version":[{"id":666,"href":"https:\/\/therapie-carlwalter.de\/en\/wp-json\/wp\/v2\/pages\/574\/revisions\/666"}],"wp:attachment":[{"href":"https:\/\/therapie-carlwalter.de\/en\/wp-json\/wp\/v2\/media?parent=574"}],"curies":[{"name":"wp","href":"https:\/\/api.w.org\/{rel}","templated":true}]}}